{"id":11,"date":"2024-10-12T21:22:50","date_gmt":"2024-10-12T21:22:50","guid":{"rendered":"https:\/\/voicebow.cz\/?page_id=11"},"modified":"2024-10-13T12:43:10","modified_gmt":"2024-10-13T12:43:10","slug":"jakubs-page-number-2","status":"publish","type":"page","link":"https:\/\/newweb.voicebow.cz\/","title":{"rendered":"VoiceBow, s.r.o."},"content":{"rendered":"\n<div class=\"wp-block-group alignfull has-accent-background-color has-background has-global-padding is-layout-constrained wp-container-core-group-is-layout-669513ed wp-block-group-is-layout-constrained\" style=\"margin-top:0;margin-bottom:0;padding-top:var(--wp--preset--spacing--50);padding-right:var(--wp--preset--spacing--50);padding-bottom:var(--wp--preset--spacing--50);padding-left:var(--wp--preset--spacing--50)\">\n<div class=\"wp-block-columns alignwide is-layout-flex wp-container-core-columns-is-layout-1da03c2a wp-block-columns-is-layout-flex\">\n<div class=\"wp-block-column is-vertically-aligned-stretch is-layout-flow wp-block-column-is-layout-flow\" style=\"flex-basis:50%\">\n<div class=\"wp-block-group is-vertical is-content-justification-stretch is-layout-flex wp-container-core-group-is-layout-444d5ee8 wp-block-group-is-layout-flex\" style=\"min-height:100%\">\n<p class=\"has-heading-font-family has-x-large-font-size\" style=\"line-height:1.2\">Spole\u010dnost VoiceBow je \u010desk\u00e1 spole\u010dnost zalo\u017een\u00e1 t\u00fdmem zku\u0161en\u00fdch v\u00fdvojov\u00fdch pracovn\u00edk\u016f z oblasti VoIP, IT a networking. Hlavn\u00ed \u010dinnost\u00ed spole\u010dnosti je v\u00fdvoj a implementace produkt\u016f z oblasti VoIP a Networking, poradensk\u00e1 \u010dinnost a poskytov\u00e1n\u00ed telefonn\u00edch slu\u017eeb pevn\u00fdch linek a GSM.<\/p>\n\n\n\n<div class=\"wp-block-group has-global-padding is-content-justification-left is-layout-constrained wp-container-core-group-is-layout-9fe8ed88 wp-block-group-is-layout-constrained\">\n<p class=\"wp-container-content-0733e5d0\">V p\u0159\u00edpad\u011b Va\u0161eho z\u00e1jmu o cenovou nab\u00eddku n\u00e1s pros\u00edm kontaktujte na adrese&nbsp;<a href=\"https:\/\/www.voicebow.cz\/sales@voicebow.cz\">sales@voicebow.cz<\/a><\/p>\n\n\n\n<div class=\"wp-block-buttons is-layout-flex wp-block-buttons-is-layout-flex\"><\/div>\n<\/div>\n<\/div>\n<\/div>\n\n\n\n<div class=\"wp-block-column is-vertically-aligned-center is-layout-flow wp-block-column-is-layout-flow\" style=\"flex-basis:50%\">\n<figure class=\"wp-block-image size-large\"><img loading=\"lazy\" decoding=\"async\" width=\"1024\" height=\"672\" src=\"https:\/\/voicebow.cz\/wp-content\/uploads\/2024\/10\/VoiceBowNoveLogo-1024x672.png\" alt=\"\" class=\"wp-image-12\" srcset=\"https:\/\/newweb.voicebow.cz\/wp-content\/uploads\/2024\/10\/VoiceBowNoveLogo-1024x672.png 1024w, https:\/\/newweb.voicebow.cz\/wp-content\/uploads\/2024\/10\/VoiceBowNoveLogo-300x197.png 300w, https:\/\/newweb.voicebow.cz\/wp-content\/uploads\/2024\/10\/VoiceBowNoveLogo-768x504.png 768w, https:\/\/newweb.voicebow.cz\/wp-content\/uploads\/2024\/10\/VoiceBowNoveLogo-1536x1009.png 1536w, https:\/\/newweb.voicebow.cz\/wp-content\/uploads\/2024\/10\/VoiceBowNoveLogo-2048x1345.png 2048w\" sizes=\"auto, (max-width: 1024px) 100vw, 1024px\" \/><\/figure>\n<\/div>\n<\/div>\n<\/div>\n\n\n\n<div class=\"wp-block-group alignfull has-accent-5-background-color has-background has-global-padding is-layout-constrained wp-container-core-group-is-layout-d89aad35 wp-block-group-is-layout-constrained\" style=\"margin-top:0;margin-bottom:0;padding-top:var(--wp--preset--spacing--50);padding-right:var(--wp--preset--spacing--50);padding-bottom:var(--wp--preset--spacing--50);padding-left:var(--wp--preset--spacing--50)\">\n<div class=\"wp-block-columns alignwide is-layout-flex wp-container-core-columns-is-layout-1da03c2a wp-block-columns-is-layout-flex\">\n<div class=\"wp-block-column is-vertically-aligned-center is-layout-flow wp-block-column-is-layout-flow\" style=\"flex-basis:60%\">\n<figure class=\"wp-block-image size-full is-style-rounded wp-duotone-duotone-1 is-style-rounded--1\"><img decoding=\"async\" src=\"https:\/\/voicebow.cz\/wp-content\/themes\/twentytwentyfour\/assets\/images\/abstract-geometric-art.webp\" alt=\"White abstract geometric artwork from Dresden, Germany\" style=\"aspect-ratio:4\/3;object-fit:cover\"\/><\/figure>\n<\/div>\n\n\n\n<div class=\"wp-block-column is-layout-flow wp-block-column-is-layout-flow\" style=\"flex-basis:40%\">\n<h2 class=\"wp-block-heading\">VoiceBow Software Development<\/h2>\n\n\n\n<p>Zku\u0161en\u00fd t\u00fdm v\u00fdvojov\u00fdch pracovn\u00edk\u016f a dlouholet\u00e1 praxe je jednozna\u010dnou v\u00fdhodou ka\u017ed\u00e9 spole\u010dnosti s v\u00fdvojov\u00fdm odd\u011blen\u00edm. Nab\u00edz\u00edme proto kr\u00e1tkodobou i dlouhodobou pomoc p\u0159i v\u00fdvoji aplikac\u00ed na p\u0159\u00e1n\u00ed z\u00e1kazn\u00edka pro oblast IT a Telekomunikac\u00ed.<\/p>\n\n\n\n<p>Pokud m\u00e1te z\u00e1jem o dal\u0161\u00ed informace pros\u00edm kontaktujte n\u00e1s na e-mailu&nbsp;<a href=\"https:\/\/www.voicebow.cz\/sales@voicebow.cz\">sales@voicebow.cz<\/a><\/p>\n\n\n\n<div class=\"wp-block-buttons is-layout-flex wp-block-buttons-is-layout-flex\"><\/div>\n<\/div>\n<\/div>\n<\/div>\n\n\n\n<div class=\"wp-block-group alignfull has-global-padding is-layout-constrained wp-container-core-group-is-layout-669513ed wp-block-group-is-layout-constrained\" style=\"margin-top:0;margin-bottom:0;padding-top:var(--wp--preset--spacing--50);padding-right:var(--wp--preset--spacing--50);padding-bottom:var(--wp--preset--spacing--50);padding-left:var(--wp--preset--spacing--50)\">\n<div class=\"wp-block-group is-vertical is-content-justification-center is-layout-flex wp-container-core-group-is-layout-ce155fab wp-block-group-is-layout-flex\">\n<h2 class=\"wp-block-heading has-text-align-center has-xx-large-font-size\">Seznamte se s na\u0161\u00edm t\u00fdmem<\/h2>\n\n\n\n<p class=\"has-text-align-center\">N\u00e1\u0161 t\u00fdm profesion\u00e1l\u016f se star\u00e1 o to aby na\u0161i z\u00e1kazn\u00edci byli co nejv\u00edce s pokojeni s dodanou prac\u00ed a projekty.<\/p>\n<\/div>\n\n\n\n<div style=\"height:var(--wp--preset--spacing--30)\" aria-hidden=\"true\" class=\"wp-block-spacer\"><\/div>\n\n\n\n<div class=\"wp-block-columns alignwide is-layout-flex wp-container-core-columns-is-layout-4935966c wp-block-columns-is-layout-flex\" style=\"padding-right:0;padding-left:0\">\n<div class=\"wp-block-column is-layout-flow wp-block-column-is-layout-flow\">\n\n\n<div class=\"wp-block-group is-vertical is-content-justification-center is-nowrap is-layout-flex wp-container-core-group-is-layout-21d4e958 wp-block-group-is-layout-flex\">\n<p class=\"has-text-align-center has-small-font-size\"><strong>Jakub Zeman<\/strong><\/p>\n\n\n\n<p class=\"has-text-align-center has-small-font-size\">Founder, CTO &amp; Architect<\/p>\n<\/div>\n<\/div>\n\n\n\n<div class=\"wp-block-column is-layout-flow wp-block-column-is-layout-flow\">\n\n\n<div class=\"wp-block-group is-vertical is-content-justification-center is-nowrap is-layout-flex wp-container-core-group-is-layout-63bfd6c1 wp-block-group-is-layout-flex\">\n<p class=\"has-text-align-center has-small-font-size\"><strong>Petr Kod\u00fdtek<\/strong><\/p>\n\n\n\n<p class=\"has-text-align-center has-small-font-size\">Founder, CEO, Engineering Manager<\/p>\n<\/div>\n<\/div>\n<\/div>\n<\/div>\n\n\n\n<p><strong>Kontaktn\u00ed \u00fadaje:<\/strong><\/p>\n\n\n\n<p>VoiceBow, s.r.o.<br>Na V\u00fdslun\u00ed 201\/13<br>Praha 10<br>100 00<\/p>\n\n\n\n<p>I\u010cO: 271 35 918<br>DI\u010c: CZ27135918<\/p>\n\n\n\n<p>Spole\u010dnost je zapsan\u00e1<br>v obchodn\u00edm rejst\u0159\u00edku<br>veden\u00e9m M\u011bstsk\u00fdm<br>soudem v Praze<br>odd\u00edl C, vlo\u017eka 98971<\/p>\n\n\n\n<div style=\"height:100px\" aria-hidden=\"true\" class=\"wp-block-spacer\"><\/div>\n","protected":false},"excerpt":{"rendered":"<p>Spole\u010dnost VoiceBow je \u010desk\u00e1 spole\u010dnost zalo\u017een\u00e1 t\u00fdmem zku\u0161en\u00fdch v\u00fdvojov\u00fdch pracovn\u00edk\u016f z oblasti VoIP, IT a networking. Hlavn\u00ed \u010dinnost\u00ed spole\u010dnosti je v\u00fdvoj a implementace produkt\u016f z oblasti VoIP a Networking, poradensk\u00e1 \u010dinnost a poskytov\u00e1n\u00ed telefonn\u00edch slu\u017eeb pevn\u00fdch linek a GSM. V p\u0159\u00edpad\u011b Va\u0161eho z\u00e1jmu o cenovou nab\u00eddku n\u00e1s pros\u00edm kontaktujte na adrese&nbsp;sales@voicebow.cz VoiceBow Software Development Zku\u0161en\u00fd [&hellip;]<\/p>\n","protected":false},"author":1,"featured_media":0,"parent":0,"menu_order":0,"comment_status":"closed","ping_status":"closed","template":"","meta":{"footnotes":""},"class_list":["post-11","page","type-page","status-publish","hentry"],"_links":{"self":[{"href":"https:\/\/newweb.voicebow.cz\/index.php?rest_route=\/wp\/v2\/pages\/11","targetHints":{"allow":["GET"]}}],"collection":[{"href":"https:\/\/newweb.voicebow.cz\/index.php?rest_route=\/wp\/v2\/pages"}],"about":[{"href":"https:\/\/newweb.voicebow.cz\/index.php?rest_route=\/wp\/v2\/types\/page"}],"author":[{"embeddable":true,"href":"https:\/\/newweb.voicebow.cz\/index.php?rest_route=\/wp\/v2\/users\/1"}],"replies":[{"embeddable":true,"href":"https:\/\/newweb.voicebow.cz\/index.php?rest_route=%2Fwp%2Fv2%2Fcomments&post=11"}],"version-history":[{"count":6,"href":"https:\/\/newweb.voicebow.cz\/index.php?rest_route=\/wp\/v2\/pages\/11\/revisions"}],"predecessor-version":[{"id":26,"href":"https:\/\/newweb.voicebow.cz\/index.php?rest_route=\/wp\/v2\/pages\/11\/revisions\/26"}],"wp:attachment":[{"href":"https:\/\/newweb.voicebow.cz\/index.php?rest_route=%2Fwp%2Fv2%2Fmedia&parent=11"}],"curies":[{"name":"wp","href":"https:\/\/api.w.org\/{rel}","templated":true}]}}